{"id":39601,"date":"2018-12-02T17:42:40","date_gmt":"2018-12-02T16:42:40","guid":{"rendered":"https:\/\/olagosciniak.pl\/sklep\/produkt\/gift-card\/"},"modified":"2022-01-01T15:50:42","modified_gmt":"2022-01-01T14:50:42","slug":"karta-podarunkowa","status":"publish","type":"product","link":"https:\/\/olagosciniak.pl\/sklep\/produkt\/karta-podarunkowa\/","title":{"rendered":"Karta Podarunkowa"},"content":{"rendered":"<p>[vc_row bg_color=&#8221;#ffffff&#8221; top_padding=&#8221;100&#8243; bottom_padding=&#8221;40&#8243;][vc_column width=&#8221;1\/1&#8243;]<h3 class=\"headline font-special fontsize-xxl fontweight-600 lh-14 align-center transform-uppercase \" style=\"margin: 0 0 15px 0;\">Jak kupi\u0107 kart\u0119?<\/h3><div class=\"divider divider5\" style='margin:0 auto 40px auto !important;'><\/div><div class=\"headline font-inherit fontsize-m fontweight-inherit lh-inherit align-center transform-inherit \" style=\"margin: 0 10% 50px 10%;\">Kart\u0119 mo\u017cesz zakupi\u0107 podaj\u0105c e-mail osoby obdarowanej &#8211; dostanie wtedy kod na swoj\u0105 skrzynk\u0119 e-mailow\u0105 od razu po zakupie karty. Je\u015bli chcesz wr\u0119czy\u0107 kart\u0119 osobi\u015bcie to podaj przy zam\u00f3wieniu sw\u00f3j adres e-mail, a nast\u0119pnie wydrukuj kod podarunkowy i sprezentuj bliskiej osobie. Rado\u015b\u0107 gwarantowana!<\/div>[\/vc_column][\/vc_row][vc_row bg_color=&#8221;#ffffff&#8221; top_padding=&#8221;100&#8243; bottom_padding=&#8221;40&#8243;][vc_column width=&#8221;1\/1&#8243;]<h3 class=\"headline font-special fontsize-xxl fontweight-600 lh-14 align-center transform-uppercase \" style=\"margin: 0 0 15px 0;\">Na co mo\u017cna wykorzysta\u0107 kart\u0119?<\/h3><div class=\"divider divider5\" style='margin:0 auto 40px auto !important;'><\/div><div class=\"headline font-inherit fontsize-m fontweight-inherit lh-inherit align-center transform-inherit \" style=\"margin: 0 10% 50px 10%;\">W sklepie Jestem Interaktywna znajdziesz wszystko, co b\u0119dzie Ci potrzebne do stworzenia i wypromowania strony WWW, a tak\u017ce rozkr\u0119cenia w\u0142asnego biznesu online. Kart\u0119 podarunkow\u0105 mo\u017cna wykorzysta\u0107 na kursy do promocji i rozwoju strony WWW (Google Analytics i SEO), kursy do biznesu online (stworzenie platformy sprzeda\u017cowej i webinary), zapisy najlepszych webinar\u00f3w, bestsellerow\u0105 ksi\u0105\u017ck\u0119 &#8220;B\u0105d\u017a online&#8221; &#8211; podr\u0119cznik z \u0107wiczeniami o zaplanowaniu, stworzeniu i wypromowaniu strony WWW oraz interaktywne gad\u017cety: opaski USB, zas\u0142onka na kamer\u0119, ekologiczny notatnik!<\/div>[\/vc_column][\/vc_row][vc_row bg_color=&#8221;#ffffff&#8221; top_padding=&#8221;100&#8243; bottom_padding=&#8221;40&#8243;][vc_column width=&#8221;1\/1&#8243;]<h3 class=\"headline font-special fontsize-xxl fontweight-600 lh-14 align-center transform-uppercase \" style=\"margin: 0 0 15px 0;\">PODOBA CI SI\u0118 TEN POMYS\u0141?<\/h3><div class=\"divider divider5\" style='margin:0 auto 40px auto !important;'><\/div><div class=\"headline font-inherit fontsize-m fontweight-inherit lh-inherit align-center transform-inherit \" style=\"margin: 0 10% 50px 10%;\">Karta prezentowa to idealny pomys\u0142 na prezent dla bliskiej osoby, pracownik\u00f3w lub znajomych.<br \/>\nDo ka\u017cdej karty wystawiam faktur\u0119 VAT.<\/div><a href=\"#fulltitle\" target=\"_self\" class=\"button custom full center-align\" style=\"background-color: #ff009e; border-color: #ff009e;border-radius: 10px;\">WCHODZ\u0118 W TO!<\/a><div class=\"spacer\" style=\"height: 50px;\"><\/div>[\/vc_column][\/vc_row]<\/p>\n","protected":false},"excerpt":{"rendered":"<p>Znasz osob\u0119, kt\u00f3rej zale\u017cy na stworzeniu strony WWW? Od d\u0142u\u017cszego czasu wspomina o w\u0142asnym biznesie online? Ma bloga lub stron\u0119 WWW\u00a0 i chce je wypromowa\u0107? Daj jej prezent, kt\u00f3ry umo\u017cliwi rozwini\u0119cie skrzyde\u0142! Je\u015bli nie wiesz, co konkretnie wybra\u0107, to mam rozwi\u0105zanie doskona\u0142e.<\/p>\n<p>Skorzystaj z karty podarunkowej w wybranej kwocie: 50, 100, 150, 200, 300, 400 i 500 z\u0142otych, na takie produkty ze sklepu Jestem Interaktywna, jak kursy online, ksi\u0105\u017cka, czy e-booki.<\/p>\n","protected":false},"featured_media":39616,"comment_status":"closed","ping_status":"closed","template":"","meta":[],"product_cat":[235],"product_tag":[],"_links":{"self":[{"href":"https:\/\/olagosciniak.pl\/sklep\/wp-json\/wp\/v2\/product\/39601"}],"collection":[{"href":"https:\/\/olagosciniak.pl\/sklep\/wp-json\/wp\/v2\/product"}],"about":[{"href":"https:\/\/olagosciniak.pl\/sklep\/wp-json\/wp\/v2\/types\/product"}],"replies":[{"embeddable":true,"href":"https:\/\/olagosciniak.pl\/sklep\/wp-json\/wp\/v2\/comments?post=39601"}],"wp:featuredmedia":[{"embeddable":true,"href":"https:\/\/olagosciniak.pl\/sklep\/wp-json\/wp\/v2\/media\/39616"}],"wp:attachment":[{"href":"https:\/\/olagosciniak.pl\/sklep\/wp-json\/wp\/v2\/media?parent=39601"}],"wp:term":[{"taxonomy":"product_cat","embeddable":true,"href":"https:\/\/olagosciniak.pl\/sklep\/wp-json\/wp\/v2\/product_cat?post=39601"},{"taxonomy":"product_tag","embeddable":true,"href":"https:\/\/olagosciniak.pl\/sklep\/wp-json\/wp\/v2\/product_tag?post=39601"}],"curies":[{"name":"wp","href":"https:\/\/api.w.org\/{rel}","templated":true}]}}