{"id":39198,"date":"2018-11-13T17:03:55","date_gmt":"2018-11-13T16:03:55","guid":{"rendered":"https:\/\/olagosciniak.pl\/sklep\/?post_type=product&#038;p=39198"},"modified":"2020-05-29T11:46:32","modified_gmt":"2020-05-29T09:46:32","slug":"zaslona-na-kamerke","status":"publish","type":"product","link":"https:\/\/olagosciniak.pl\/sklep\/produkt\/zaslona-na-kamerke\/","title":{"rendered":"Zas\u0142ona na kamerk\u0119 w laptopie &#8211; za\u015blepka"},"content":{"rendered":"<p>[vc_row bg_color=&#8221;#ffffff&#8221; top_padding=&#8221;100&#8243; bottom_padding=&#8221;40&#8243;][vc_column width=&#8221;1\/1&#8243;]<h3 class=\"headline font-special fontsize-xxl fontweight-600 lh-14 align-center transform-uppercase \" style=\"margin: 0 0 15px 0;\">LOOKBOOK<\/h3><div class=\"divider divider5\" style='margin:0 auto 40px auto !important;'><\/div><div class=\"headline font-inherit fontsize-m fontweight-inherit lh-inherit align-center transform-inherit \" style=\"margin: 0 10% 50px 10%;\">Ten gad\u017cet to absolutna podstawa! Interaktywna os\u0142onka na kamer\u0119 w laptopie z czy\u015bcikiem zapewni Ci bezpiecze\u0144stwo podczas surfowania w Internecie oraz pewno\u015b\u0107, \u017ce na czystym ekranie nic nie przegapisz. Je\u015bli boisz si\u0119, \u017ce kto\u015b b\u0119dzie Ci\u0119 podgl\u0105da\u0142 przez kamerk\u0119 lub cz\u0119sto prowadzisz LIVE&#8217;y i chcesz mie\u0107 pewno\u015b\u0107, \u017ce po ich zako\u0144czeniu na pewno nie wida\u0107 Ci\u0119 w sieci to jest to gad\u017cet dla Ciebie.<\/p>\n<p>Za\u015blepka na kamer\u0119 w laptopie &#8220;B\u0105d\u017a online&#8221; dost\u0119pna jest w dw\u00f3ch wersjach kolorystycznych &#8211; bia\u0142ej i czarnej, dzi\u0119ki czemu dobierzesz idealny wariant do swojego komputera.<\/div>[\/vc_column][\/vc_row][vc_row][vc_column width=&#8221;1\/1&#8243;][vc_column_text]<img loading=\"lazy\" class=\"alignnone wp-image-39280 size-full\" src=\"https:\/\/olagosciniak.pl\/sklep\/wp-content\/uploads\/zaslona-na-kamerke-1.jpg\" alt=\"\" width=\"1920\" height=\"1282\" srcset=\"https:\/\/olagosciniak.pl\/sklep\/wp-content\/uploads\/zaslona-na-kamerke-1.jpg 1920w, https:\/\/olagosciniak.pl\/sklep\/wp-content\/uploads\/zaslona-na-kamerke-1-508x339.jpg 508w, https:\/\/olagosciniak.pl\/sklep\/wp-content\/uploads\/zaslona-na-kamerke-1-740x494.jpg 740w, https:\/\/olagosciniak.pl\/sklep\/wp-content\/uploads\/zaslona-na-kamerke-1-400x267.jpg 400w, https:\/\/olagosciniak.pl\/sklep\/wp-content\/uploads\/zaslona-na-kamerke-1-768x513.jpg 768w, https:\/\/olagosciniak.pl\/sklep\/wp-content\/uploads\/zaslona-na-kamerke-1-1024x684.jpg 1024w, https:\/\/olagosciniak.pl\/sklep\/wp-content\/uploads\/zaslona-na-kamerke-1-600x400.jpg 600w\" sizes=\"(max-width: 1920px) 100vw, 1920px\" \/><img loading=\"lazy\" class=\"alignnone wp-image-39278 size-full\" src=\"https:\/\/olagosciniak.pl\/sklep\/wp-content\/uploads\/zaslona-na-kamerke-3.jpg\" alt=\"\" width=\"1920\" height=\"1282\" srcset=\"https:\/\/olagosciniak.pl\/sklep\/wp-content\/uploads\/zaslona-na-kamerke-3.jpg 1920w, https:\/\/olagosciniak.pl\/sklep\/wp-content\/uploads\/zaslona-na-kamerke-3-508x339.jpg 508w, https:\/\/olagosciniak.pl\/sklep\/wp-content\/uploads\/zaslona-na-kamerke-3-740x494.jpg 740w, https:\/\/olagosciniak.pl\/sklep\/wp-content\/uploads\/zaslona-na-kamerke-3-400x267.jpg 400w, https:\/\/olagosciniak.pl\/sklep\/wp-content\/uploads\/zaslona-na-kamerke-3-768x513.jpg 768w, https:\/\/olagosciniak.pl\/sklep\/wp-content\/uploads\/zaslona-na-kamerke-3-1024x684.jpg 1024w, https:\/\/olagosciniak.pl\/sklep\/wp-content\/uploads\/zaslona-na-kamerke-3-600x400.jpg 600w\" sizes=\"(max-width: 1920px) 100vw, 1920px\" \/><img loading=\"lazy\" class=\"alignnone wp-image-39279 size-full\" src=\"https:\/\/olagosciniak.pl\/sklep\/wp-content\/uploads\/zaslona-na-kamerke-4.jpg\" alt=\"\" width=\"1920\" height=\"1282\" srcset=\"https:\/\/olagosciniak.pl\/sklep\/wp-content\/uploads\/zaslona-na-kamerke-4.jpg 1920w, https:\/\/olagosciniak.pl\/sklep\/wp-content\/uploads\/zaslona-na-kamerke-4-508x339.jpg 508w, https:\/\/olagosciniak.pl\/sklep\/wp-content\/uploads\/zaslona-na-kamerke-4-740x494.jpg 740w, https:\/\/olagosciniak.pl\/sklep\/wp-content\/uploads\/zaslona-na-kamerke-4-400x267.jpg 400w, https:\/\/olagosciniak.pl\/sklep\/wp-content\/uploads\/zaslona-na-kamerke-4-768x513.jpg 768w, https:\/\/olagosciniak.pl\/sklep\/wp-content\/uploads\/zaslona-na-kamerke-4-1024x684.jpg 1024w, https:\/\/olagosciniak.pl\/sklep\/wp-content\/uploads\/zaslona-na-kamerke-4-600x400.jpg 600w\" sizes=\"(max-width: 1920px) 100vw, 1920px\" \/><img loading=\"lazy\" class=\"alignnone wp-image-39277 size-full\" src=\"https:\/\/olagosciniak.pl\/sklep\/wp-content\/uploads\/zaslona-na-kamerke-2.jpg\" alt=\"\" width=\"1920\" height=\"1282\" srcset=\"https:\/\/olagosciniak.pl\/sklep\/wp-content\/uploads\/zaslona-na-kamerke-2.jpg 1920w, https:\/\/olagosciniak.pl\/sklep\/wp-content\/uploads\/zaslona-na-kamerke-2-508x339.jpg 508w, https:\/\/olagosciniak.pl\/sklep\/wp-content\/uploads\/zaslona-na-kamerke-2-740x494.jpg 740w, https:\/\/olagosciniak.pl\/sklep\/wp-content\/uploads\/zaslona-na-kamerke-2-400x267.jpg 400w, https:\/\/olagosciniak.pl\/sklep\/wp-content\/uploads\/zaslona-na-kamerke-2-768x513.jpg 768w, https:\/\/olagosciniak.pl\/sklep\/wp-content\/uploads\/zaslona-na-kamerke-2-1024x684.jpg 1024w, https:\/\/olagosciniak.pl\/sklep\/wp-content\/uploads\/zaslona-na-kamerke-2-600x400.jpg 600w\" sizes=\"(max-width: 1920px) 100vw, 1920px\" \/>[\/vc_column_text][\/vc_column][\/vc_row][vc_row bg_color=&#8221;#ffffff&#8221; top_padding=&#8221;100&#8243; bottom_padding=&#8221;40&#8243;][vc_column width=&#8221;1\/1&#8243;]<h3 class=\"headline font-special fontsize-xxl fontweight-600 lh-14 align-center transform-uppercase \" style=\"margin: 0 0 15px 0;\">PODOBA CI SI\u0118 TEN GAD\u017bET?<\/h3><div class=\"divider divider5\" style='margin:0 auto 40px auto !important;'><\/div><div class=\"headline font-inherit fontsize-m fontweight-inherit lh-inherit align-center transform-inherit \" style=\"margin: 0 10% 50px 10%;\">B\u0105d\u017a online i dbaj o swoje bezpiecze\u0144stwo w sieci!<\/div><a href=\"#fulltitle\" target=\"_self\" class=\"button custom full center-align\" style=\"background-color: #ff009e; border-color: #ff009e;border-radius: 10px;\">CHC\u0118 ZA\u015aLEPK\u0118!<\/a><div class=\"spacer\" style=\"height: 50px;\"><\/div>[vc_column_text]<\/p>\n<p style=\"text-align: center;\">Doch\u00f3d z gad\u017cetu zostanie przeznaczony na rozw\u00f3j dzia\u0142alno\u015bci Jestem Interaktywna!<br \/>\nDzi\u0119kuj\u0119, \u017ce przyk\u0142adasz si\u0119 do idei, aby wi\u0119cej os\u00f3b dzia\u0142a\u0142o w sieci!<\/p>\n<p>[\/vc_column_text][\/vc_column][\/vc_row]<\/p>\n","protected":false},"excerpt":{"rendered":"<p>Zazwyczaj wysy\u0142ka nast\u0119puje w nast\u0119pny dzie\u0144 roboczy po zam\u00f3wieniu, a paczka idzie oko\u0142o 24-48h poprzez Pocztex.<\/p>\n<p><strong>Wybierz rodzaj i zobacz poni\u017cej ile zosta\u0142o sztuk!<\/strong><\/p>\n","protected":false},"featured_media":39288,"comment_status":"closed","ping_status":"closed","template":"","meta":[],"product_cat":[215],"product_tag":[],"_links":{"self":[{"href":"https:\/\/olagosciniak.pl\/sklep\/wp-json\/wp\/v2\/product\/39198"}],"collection":[{"href":"https:\/\/olagosciniak.pl\/sklep\/wp-json\/wp\/v2\/product"}],"about":[{"href":"https:\/\/olagosciniak.pl\/sklep\/wp-json\/wp\/v2\/types\/product"}],"replies":[{"embeddable":true,"href":"https:\/\/olagosciniak.pl\/sklep\/wp-json\/wp\/v2\/comments?post=39198"}],"wp:featuredmedia":[{"embeddable":true,"href":"https:\/\/olagosciniak.pl\/sklep\/wp-json\/wp\/v2\/media\/39288"}],"wp:attachment":[{"href":"https:\/\/olagosciniak.pl\/sklep\/wp-json\/wp\/v2\/media?parent=39198"}],"wp:term":[{"taxonomy":"product_cat","embeddable":true,"href":"https:\/\/olagosciniak.pl\/sklep\/wp-json\/wp\/v2\/product_cat?post=39198"},{"taxonomy":"product_tag","embeddable":true,"href":"https:\/\/olagosciniak.pl\/sklep\/wp-json\/wp\/v2\/product_tag?post=39198"}],"curies":[{"name":"wp","href":"https:\/\/api.w.org\/{rel}","templated":true}]}}