{"id":39194,"date":"2018-11-13T17:03:09","date_gmt":"2018-11-13T16:03:09","guid":{"rendered":"https:\/\/olagosciniak.pl\/sklep\/?post_type=product&#038;p=39194"},"modified":"2020-05-29T11:24:45","modified_gmt":"2020-05-29T09:24:45","slug":"notes-z-dlugopisem","status":"publish","type":"product","link":"https:\/\/olagosciniak.pl\/sklep\/produkt\/notes-z-dlugopisem\/","title":{"rendered":"Notes z d\u0142ugopisem &#8211; ekologiczny notatnik A6"},"content":{"rendered":"<p>[vc_row bg_color=&#8221;#ffffff&#8221; top_padding=&#8221;100&#8243; bottom_padding=&#8221;40&#8243;][vc_column width=&#8221;1\/1&#8243;]<h3 class=\"headline font-special fontsize-xxl fontweight-600 lh-14 align-center transform-uppercase \" style=\"margin: 0 0 15px 0;\">LOOKBOOK<\/h3><div class=\"divider divider5\" style='margin:0 auto 40px auto !important;'><\/div><div class=\"headline font-inherit fontsize-m fontweight-inherit lh-inherit align-center transform-inherit \" style=\"margin: 0 10% 50px 10%;\">Jeste\u015b Interaktywna, a w Twojej g\u0142owie pojawia si\u0119 milion pomys\u0142\u00f3w na minut\u0119? Dzia\u0142aj sprytnie i miej zawsze przy sobie ekologiczny notatnik! Zapiszesz w nim wszystkie inspiracje, list\u0119 rzeczy do zrobienia, czy tematy nowych wpis\u00f3w na swojego bloga. Interaktywny notatnik jest ma\u0142y i por\u0119czny, tym samym bez problemu zmie\u015bci si\u0119 w ka\u017cdej torebce.<\/p>\n<p>To niezb\u0119dnik do torebki ka\u017cdej interaktywnej &#8211; minimalistyczny, praktyczny i co niezwykle istotne &#8211; ekologiczny :)!<\/div>[\/vc_column][\/vc_row][vc_row][vc_column width=&#8221;1\/1&#8243;][vc_column_text]<img loading=\"lazy\" class=\"alignnone wp-image-39275 size-full\" src=\"https:\/\/olagosciniak.pl\/sklep\/wp-content\/uploads\/notes-z-dlugopisem-3.jpg\" alt=\"\" width=\"1920\" height=\"1282\" srcset=\"https:\/\/olagosciniak.pl\/sklep\/wp-content\/uploads\/notes-z-dlugopisem-3.jpg 1920w, https:\/\/olagosciniak.pl\/sklep\/wp-content\/uploads\/notes-z-dlugopisem-3-508x339.jpg 508w, https:\/\/olagosciniak.pl\/sklep\/wp-content\/uploads\/notes-z-dlugopisem-3-740x494.jpg 740w, https:\/\/olagosciniak.pl\/sklep\/wp-content\/uploads\/notes-z-dlugopisem-3-400x267.jpg 400w, https:\/\/olagosciniak.pl\/sklep\/wp-content\/uploads\/notes-z-dlugopisem-3-768x513.jpg 768w, https:\/\/olagosciniak.pl\/sklep\/wp-content\/uploads\/notes-z-dlugopisem-3-1024x684.jpg 1024w, https:\/\/olagosciniak.pl\/sklep\/wp-content\/uploads\/notes-z-dlugopisem-3-600x400.jpg 600w\" sizes=\"(max-width: 1920px) 100vw, 1920px\" \/><img loading=\"lazy\" class=\"alignnone wp-image-39274 size-full\" src=\"https:\/\/olagosciniak.pl\/sklep\/wp-content\/uploads\/notes-z-dlugopisem-2.jpg\" alt=\"\" width=\"1920\" height=\"1282\" srcset=\"https:\/\/olagosciniak.pl\/sklep\/wp-content\/uploads\/notes-z-dlugopisem-2.jpg 1920w, https:\/\/olagosciniak.pl\/sklep\/wp-content\/uploads\/notes-z-dlugopisem-2-508x339.jpg 508w, https:\/\/olagosciniak.pl\/sklep\/wp-content\/uploads\/notes-z-dlugopisem-2-740x494.jpg 740w, https:\/\/olagosciniak.pl\/sklep\/wp-content\/uploads\/notes-z-dlugopisem-2-400x267.jpg 400w, https:\/\/olagosciniak.pl\/sklep\/wp-content\/uploads\/notes-z-dlugopisem-2-768x513.jpg 768w, https:\/\/olagosciniak.pl\/sklep\/wp-content\/uploads\/notes-z-dlugopisem-2-1024x684.jpg 1024w, https:\/\/olagosciniak.pl\/sklep\/wp-content\/uploads\/notes-z-dlugopisem-2-600x400.jpg 600w\" sizes=\"(max-width: 1920px) 100vw, 1920px\" \/><img loading=\"lazy\" class=\"alignnone wp-image-39273 size-full\" src=\"https:\/\/olagosciniak.pl\/sklep\/wp-content\/uploads\/notes-z-dlugopisem-1.jpg\" alt=\"\" width=\"1920\" height=\"1282\" srcset=\"https:\/\/olagosciniak.pl\/sklep\/wp-content\/uploads\/notes-z-dlugopisem-1.jpg 1920w, https:\/\/olagosciniak.pl\/sklep\/wp-content\/uploads\/notes-z-dlugopisem-1-508x339.jpg 508w, https:\/\/olagosciniak.pl\/sklep\/wp-content\/uploads\/notes-z-dlugopisem-1-740x494.jpg 740w, https:\/\/olagosciniak.pl\/sklep\/wp-content\/uploads\/notes-z-dlugopisem-1-400x267.jpg 400w, https:\/\/olagosciniak.pl\/sklep\/wp-content\/uploads\/notes-z-dlugopisem-1-768x513.jpg 768w, https:\/\/olagosciniak.pl\/sklep\/wp-content\/uploads\/notes-z-dlugopisem-1-1024x684.jpg 1024w, https:\/\/olagosciniak.pl\/sklep\/wp-content\/uploads\/notes-z-dlugopisem-1-600x400.jpg 600w\" sizes=\"(max-width: 1920px) 100vw, 1920px\" \/><img loading=\"lazy\" class=\"alignnone wp-image-39280 size-full\" src=\"https:\/\/olagosciniak.pl\/sklep\/wp-content\/uploads\/zaslona-na-kamerke-1.jpg\" alt=\"\" width=\"1920\" height=\"1282\" srcset=\"https:\/\/olagosciniak.pl\/sklep\/wp-content\/uploads\/zaslona-na-kamerke-1.jpg 1920w, https:\/\/olagosciniak.pl\/sklep\/wp-content\/uploads\/zaslona-na-kamerke-1-508x339.jpg 508w, https:\/\/olagosciniak.pl\/sklep\/wp-content\/uploads\/zaslona-na-kamerke-1-740x494.jpg 740w, https:\/\/olagosciniak.pl\/sklep\/wp-content\/uploads\/zaslona-na-kamerke-1-400x267.jpg 400w, https:\/\/olagosciniak.pl\/sklep\/wp-content\/uploads\/zaslona-na-kamerke-1-768x513.jpg 768w, https:\/\/olagosciniak.pl\/sklep\/wp-content\/uploads\/zaslona-na-kamerke-1-1024x684.jpg 1024w, https:\/\/olagosciniak.pl\/sklep\/wp-content\/uploads\/zaslona-na-kamerke-1-600x400.jpg 600w\" sizes=\"(max-width: 1920px) 100vw, 1920px\" \/>[\/vc_column_text][\/vc_column][\/vc_row][vc_row bg_color=&#8221;#ffffff&#8221; top_padding=&#8221;100&#8243; bottom_padding=&#8221;40&#8243;][vc_column width=&#8221;1\/1&#8243;]<h3 class=\"headline font-special fontsize-xxl fontweight-600 lh-14 align-center transform-uppercase \" style=\"margin: 0 0 15px 0;\">PODOBA CI SI\u0118 TEN NOTES?<\/h3><div class=\"divider divider5\" style='margin:0 auto 40px auto !important;'><\/div><div class=\"headline font-inherit fontsize-m fontweight-inherit lh-inherit align-center transform-inherit \" style=\"margin: 0 10% 50px 10%;\">Ten notes to niezb\u0119dnik do torebki ka\u017cdej interaktywnej &#8211; minimalistyczny, praktyczny<br \/>\ni co niezwykle istotne &#8211; ekologiczny!<\/div><a href=\"#fulltitle\" target=\"_self\" class=\"button custom full center-align\" style=\"background-color: #ff009e; border-color: #ff009e;border-radius: 10px;\">CHC\u0118 NOTES!<\/a><div class=\"spacer\" style=\"height: 50px;\"><\/div>[vc_column_text]<\/p>\n<p style=\"text-align: center\">Doch\u00f3d z gad\u017cetu zostanie przeznaczony na rozw\u00f3j dzia\u0142alno\u015bci Jestem Interaktywna!<br \/>\nDzi\u0119kuj\u0119, \u017ce przyk\u0142adasz si\u0119 do idei, aby wi\u0119cej os\u00f3b dzia\u0142a\u0142o w sieci!<\/p>\n<p>[\/vc_column_text][\/vc_column][\/vc_row]<\/p>\n","protected":false},"excerpt":{"rendered":"<p>Notatnik w formacie A6 zawiera 70 kartek w linie, a tak\u017ce do\u0142\u0105czony d\u0142ugopis i elastyczn\u0105 opask\u0119 do zamykania. Dzi\u0119ki spiralnemu bindowaniu otwiera si\u0119 bez trudu, co u\u0142atwia wykonanie b\u0142yskawicznych zapisk\u00f3w.<\/p>\n<p>Zazwyczaj wysy\u0142ka nast\u0119puje w nast\u0119pny dzie\u0144 roboczy po zam\u00f3wieniu, a paczka idzie oko\u0142o 24-48h poprzez Pocztex.<\/p>\n","protected":false},"featured_media":39312,"comment_status":"closed","ping_status":"closed","template":"","meta":[],"product_cat":[215],"product_tag":[],"_links":{"self":[{"href":"https:\/\/olagosciniak.pl\/sklep\/wp-json\/wp\/v2\/product\/39194"}],"collection":[{"href":"https:\/\/olagosciniak.pl\/sklep\/wp-json\/wp\/v2\/product"}],"about":[{"href":"https:\/\/olagosciniak.pl\/sklep\/wp-json\/wp\/v2\/types\/product"}],"replies":[{"embeddable":true,"href":"https:\/\/olagosciniak.pl\/sklep\/wp-json\/wp\/v2\/comments?post=39194"}],"wp:featuredmedia":[{"embeddable":true,"href":"https:\/\/olagosciniak.pl\/sklep\/wp-json\/wp\/v2\/media\/39312"}],"wp:attachment":[{"href":"https:\/\/olagosciniak.pl\/sklep\/wp-json\/wp\/v2\/media?parent=39194"}],"wp:term":[{"taxonomy":"product_cat","embeddable":true,"href":"https:\/\/olagosciniak.pl\/sklep\/wp-json\/wp\/v2\/product_cat?post=39194"},{"taxonomy":"product_tag","embeddable":true,"href":"https:\/\/olagosciniak.pl\/sklep\/wp-json\/wp\/v2\/product_tag?post=39194"}],"curies":[{"name":"wp","href":"https:\/\/api.w.org\/{rel}","templated":true}]}}