{"id":62534,"date":"2021-01-17T14:15:42","date_gmt":"2021-01-17T13:15:42","guid":{"rendered":"https:\/\/olagosciniak.pl\/sklep\/lp-profile\/"},"modified":"2026-05-15T04:56:37","modified_gmt":"2026-05-15T02:56:37","slug":"lp-profile","status":"publish","type":"page","link":"https:\/\/olagosciniak.pl\/sklep\/lp-profile\/","title":{"rendered":"Lp Profile"},"content":{"rendered":"<div class=\"learnpress\">\n\n<div id=\"learn-press-profile\"  class=\"lp-user-profile guest\">\n\t\n\t\t\n \t\t<div class=\"lp-content-area\">\n\t\t\t\n\n\t\t\t\t\t\t\t\t\t<div class=\"learn-press-message success\" >\n\t\t\t\t<i class=\"fa\"><\/i>Prosz\u0119 si\u0119 <a href=\"https:\/\/olagosciniak.pl\/sklep\/wp-login.php?redirect_to=https%3A%2F%2Folagosciniak.pl%2Fsklep%2Flp-profile%2F%2Fkursy%2F\">zalogowa\u0107<\/a>, aby zobaczy\u0107 zawarto\u015b\u0107 profilu\t\t\t<\/div>\n\n\t\t\n\t\n\t\t<\/div>\n\t\n\t<\/div>\n<\/div>\n","protected":false},"excerpt":{"rendered":"Prosz\u0119 si\u0119 zalogowa\u0107, aby zobaczy\u0107 zawarto\u015b\u0107 profilu","protected":false},"author":1,"featured_media":0,"parent":0,"menu_order":0,"comment_status":"closed","ping_status":"closed","template":"","meta":[],"_links":{"self":[{"href":"https:\/\/olagosciniak.pl\/sklep\/wp-json\/wp\/v2\/pages\/62534"}],"collection":[{"href":"https:\/\/olagosciniak.pl\/sklep\/wp-json\/wp\/v2\/pages"}],"about":[{"href":"https:\/\/olagosciniak.pl\/sklep\/wp-json\/wp\/v2\/types\/page"}],"author":[{"embeddable":true,"href":"https:\/\/olagosciniak.pl\/sklep\/wp-json\/wp\/v2\/users\/1"}],"replies":[{"embeddable":true,"href":"https:\/\/olagosciniak.pl\/sklep\/wp-json\/wp\/v2\/comments?post=62534"}],"version-history":[{"count":1,"href":"https:\/\/olagosciniak.pl\/sklep\/wp-json\/wp\/v2\/pages\/62534\/revisions"}],"predecessor-version":[{"id":73249,"href":"https:\/\/olagosciniak.pl\/sklep\/wp-json\/wp\/v2\/pages\/62534\/revisions\/73249"}],"wp:attachment":[{"href":"https:\/\/olagosciniak.pl\/sklep\/wp-json\/wp\/v2\/media?parent=62534"}],"curies":[{"name":"wp","href":"https:\/\/api.w.org\/{rel}","templated":true}]}}