{"id":38188,"date":"2018-09-03T13:30:26","date_gmt":"2018-09-03T11:30:26","guid":{"rendered":"https:\/\/olagosciniak.pl\/sklep\/?page_id=38188"},"modified":"2018-09-03T13:36:00","modified_gmt":"2018-09-03T11:36:00","slug":"zaloguj-sie","status":"publish","type":"page","link":"https:\/\/olagosciniak.pl\/sklep\/zaloguj-sie\/","title":{"rendered":"Zaloguj si\u0119, aby otrzyma\u0107 dost\u0119p do materia\u0142\u00f3w!"},"content":{"rendered":"<p>[vc_row bg_color=&#8221;#f9f9f9&#8243; text_color=&#8221;light&#8221; top_padding=&#8221;100&#8243; bottom_padding=&#8221;0&#8243; bg_position=&#8221;center center&#8221;][vc_column width=&#8221;1\/2&#8243;]<div class=\"headline font-special fontsize-m fontweight-700 lh-inherit align-left transform-uppercase \" style=\"margin: 70px 0 0 0; color: #555555;\">Zaloguj si\u0119!<\/div><h1 class=\"headline font-special fontsize-xxxxl fontweight-700 lh-12 align-left transform-uppercase \" style=\"margin: 0; color: #26cdc7;\">ODBLOKUJ DOST\u0118P<br \/>\nDO MATERIA\u0141\u00d3W!<\/h1><div class=\"spacer\" style=\"height: 20px;\"><\/div><a href=\"https:\/\/olagosciniak.pl\/sklep\/moje-konto\" target=\"_self\" class=\"button color-3 large \" style=\"border-radius: 2px;\">Przejd\u017a do logowania<\/a><div class=\"spacer\" style=\"height: 120px;\"><\/div>[\/vc_column][vc_column width=&#8221;1\/2&#8243;]<div class=\"spacer\" style=\"height: 40px;\"><\/div><div class=\"single_image wpb_content_element align-right    \" data-animation=\"none\" data-delay=\"0\"><img width=\"722\" height=\"500\" src=\"https:\/\/olagosciniak.pl\/sklep\/wp-content\/uploads\/Ola-twoj-webinar.gif\" class=\"attachment-full\" alt=\"\" loading=\"lazy\" \/><\/div>[\/vc_column][\/vc_row]<\/p>\n","protected":false},"excerpt":{"rendered":"<p>[vc_row bg_color=&#8221;#f9f9f9&#8243; text_color=&#8221;light&#8221; top_padding=&#8221;100&#8243; bottom_padding=&#8221;0&#8243; bg_position=&#8221;center center&#8221;][vc_column width=&#8221;1\/2&#8243;][\/vc_column][vc_column width=&#8221;1\/2&#8243;][\/vc_column][\/vc_row]<\/p>\n","protected":false},"author":1,"featured_media":0,"parent":0,"menu_order":0,"comment_status":"closed","ping_status":"closed","template":"","meta":[],"_links":{"self":[{"href":"https:\/\/olagosciniak.pl\/sklep\/wp-json\/wp\/v2\/pages\/38188"}],"collection":[{"href":"https:\/\/olagosciniak.pl\/sklep\/wp-json\/wp\/v2\/pages"}],"about":[{"href":"https:\/\/olagosciniak.pl\/sklep\/wp-json\/wp\/v2\/types\/page"}],"author":[{"embeddable":true,"href":"https:\/\/olagosciniak.pl\/sklep\/wp-json\/wp\/v2\/users\/1"}],"replies":[{"embeddable":true,"href":"https:\/\/olagosciniak.pl\/sklep\/wp-json\/wp\/v2\/comments?post=38188"}],"version-history":[{"count":9,"href":"https:\/\/olagosciniak.pl\/sklep\/wp-json\/wp\/v2\/pages\/38188\/revisions"}],"predecessor-version":[{"id":38197,"href":"https:\/\/olagosciniak.pl\/sklep\/wp-json\/wp\/v2\/pages\/38188\/revisions\/38197"}],"wp:attachment":[{"href":"https:\/\/olagosciniak.pl\/sklep\/wp-json\/wp\/v2\/media?parent=38188"}],"curies":[{"name":"wp","href":"https:\/\/api.w.org\/{rel}","templated":true}]}}