{"id":6042,"date":"2022-10-04T08:00:54","date_gmt":"2022-10-04T06:00:54","guid":{"rendered":"https:\/\/olagosciniak.pl\/konferencja\/?page_id=6042"},"modified":"2022-10-04T08:07:35","modified_gmt":"2022-10-04T06:07:35","slug":"koniec","status":"publish","type":"page","link":"https:\/\/olagosciniak.pl\/konferencja\/koniec\/","title":{"rendered":"Koniec"},"content":{"rendered":"\t\t<div data-elementor-type=\"wp-page\" data-elementor-id=\"6042\" class=\"elementor elementor-6042\">\n\t\t\t\t\t\t<section class=\"elementor-section elementor-top-section elementor-element elementor-element-40b0e8f elementor-section-boxed elementor-section-height-default elementor-section-height-default\" data-id=\"40b0e8f\" data-element_type=\"section\">\n\t\t\t\t\t\t<div class=\"elementor-container elementor-column-gap-default\">\n\t\t\t\t\t<div class=\"elementor-column elementor-col-100 elementor-top-column elementor-element elementor-element-6cf9bfc\" data-id=\"6cf9bfc\" data-element_type=\"column\">\n\t\t\t<div class=\"elementor-widget-wrap elementor-element-populated\">\n\t\t\t\t\t\t<div class=\"elementor-element elementor-element-8c80394 elementor-align-center elementor-widget elementor-widget-heading\" data-id=\"8c80394\" data-element_type=\"widget\" data-widget_type=\"heading.default\">\n\t\t\t\t<div class=\"elementor-widget-container\">\n\t\t\t\t\t<div class=\"elementor-heading-title elementor-size-default\">KONFERENCJA ONLINE<\/div>\t\t\t\t<\/div>\n\t\t\t\t<\/div>\n\t\t\t\t<div class=\"elementor-element elementor-element-cdd8825 elementor-align-center elementor-mobile-align-left elementor-widget elementor-widget-heading\" data-id=\"cdd8825\" data-element_type=\"widget\" data-widget_type=\"heading.default\">\n\t\t\t\t<div class=\"elementor-widget-container\">\n\t\t\t\t\t<h2 class=\"elementor-heading-title elementor-size-default\">Pierwszy <\/h2><span class=\"sub-title\">Produkt Online<\/span>\t\t\t\t<\/div>\n\t\t\t\t<\/div>\n\t\t\t\t<div class=\"elementor-element elementor-element-9eec621 elementor-align-center elementor-widget elementor-widget-heading\" data-id=\"9eec621\" data-element_type=\"widget\" data-widget_type=\"heading.default\">\n\t\t\t\t<div class=\"elementor-widget-container\">\n\t\t\t\t\t<div class=\"elementor-heading-title elementor-size-default\"><a href=\"https:\/\/olagosciniak.pl\/sklep\/produkt\/teczka-konferencyjna-offline\/\">Dost\u0119p do konferencji WYGAS\u0141!\n<a href=\"https:\/\/olagosciniak.pl\/sklep\/produkt\/teczka-konferencyjna-offline\/\">Odblokuj go <u>TUTAJ<\/u>!<\/a><\/a><\/div>\t\t\t\t<\/div>\n\t\t\t\t<\/div>\n\t\t\t\t\t<\/div>\n\t\t<\/div>\n\t\t\t\t\t<\/div>\n\t\t<\/section>\n\t\t\t\t<section class=\"elementor-section elementor-top-section elementor-element elementor-element-8169607 elementor-section-boxed elementor-section-height-default elementor-section-height-default\" data-id=\"8169607\" data-element_type=\"section\">\n\t\t\t\t\t\t<div class=\"elementor-container elementor-column-gap-default\">\n\t\t\t\t\t<div class=\"elementor-column elementor-col-100 elementor-top-column elementor-element elementor-element-34ff552\" data-id=\"34ff552\" data-element_type=\"column\">\n\t\t\t<div class=\"elementor-widget-wrap elementor-element-populated\">\n\t\t\t\t\t\t<div class=\"elementor-element elementor-element-23ec7e6 elementor-flip-box--effect-slide elementor-flip-box--direction-up elementor-button-primary_gradient elementor-widget elementor-widget-opal-flip-box\" data-id=\"23ec7e6\" data-element_type=\"widget\" data-widget_type=\"opal-flip-box.default\">\n\t\t\t\t<div class=\"elementor-widget-container\">\n\t\t\t\t\t\t\t<div class=\"elementor-flip-box\">\n\t\t\t<div class=\"elementor-flip-box__layer elementor-flip-box__front\">\n\t\t\t\t<div class=\"elementor-flip-box__layer__overlay\">\n\t\t\t\t\t<div class=\"elementor-flip-box__layer__inner\">\n\t\t\t\t\t\t\n                                                    <span class=\"elementor-flip-box__layer__sub_title\">\n                                ZYSKAJ NIELIMITOWANY DOST\u0118P DO NAGRA\u0143!                            <\/span>\n                        \n\t\t\t\t\t\t\t\t\t\t\t\t\t<h3 class=\"elementor-flip-box__layer__title\">\n\t\t\t\t\t\t\t\tODBLOKUJ POWT\u00d3RKI!\t\t\t\t\t\t\t<\/h3>\n                        \n\t\t\t\t\t\t\t\t\t\t\t\t\t<div class=\"elementor-flip-box__layer__description\">\n\t\t\t\t\t\t\t\t<strong>Wykup upgrade biletu REGULAR do biletu PREMIUM!<br\/>\u25b2\t\t\t\t\t\t\t<\/div>\n\t\t\t\t\t\t\t\t\t\t\t<\/div>\n\t\t\t\t<\/div>\n\t\t\t<\/div>\n\t\t\t<div class=\"elementor-flip-box__layer elementor-flip-box__back\">\n\t\t\t\t<div class=\"elementor-flip-box__layer__overlay\">\n\t\t\t\t\t<div class=\"elementor-flip-box__layer__inner\">\n\n                                                                            <span class=\"elementor-flip-box__layer__sub_title\">\n                                \u25bc<br\/>Odblokuj sw\u00f3j dost\u0119p!                            <\/span>\n                        \n\t\t\t\t\t\t\t\t\t\t\t\t\t<h3 class=\"elementor-flip-box__layer__title\">\n\t\t\t\t\t\t\t\tNIE CZEKAJ!\t\t\t\t\t\t\t<\/h3>\n                        \n\t\t\t\t\t\t\n\t\t\t\t\t\t\t\t\t\t\t\t\t<a class=\"elementor-flip-box__button elementor-button elementor-size-xl\" href=\"https:\/\/olagosciniak.pl\/sklep\/produkt\/teczka-konferencyjna-offline\/\">\n\t\t\t\t\t\t\t\tChc\u0119 dost\u0119p do nagra\u0144!\t\t\t\t\t\t\t<\/a>\n\t\t\t\t\t\t\t\t\t\t\t<\/div>\n\t\t\t\t<\/div>\n\t\t\t<\/div>\n\t\t<\/div>\n\t\t\t\t\t\t<\/div>\n\t\t\t\t<\/div>\n\t\t\t\t\t<\/div>\n\t\t<\/div>\n\t\t\t\t\t<\/div>\n\t\t<\/section>\n\t\t\t\t<\/div>\n\t\t","protected":false},"excerpt":{"rendered":"<p>KONFERENCJA ONLINE Pierwszy Produkt Online Dost\u0119p do konferencji WYGAS\u0141! Odblokuj go TUTAJ! ZYSKAJ NIELIMITOWANY DOST\u0118P DO NAGRA\u0143! ODBLOKUJ POWT\u00d3RKI! Wykup upgrade biletu REGULAR do biletu PREMIUM!\u25b2 \u25bcOdblokuj sw\u00f3j dost\u0119p! NIE CZEKAJ! Chc\u0119 dost\u0119p do nagra\u0144!<\/p>\n","protected":false},"author":1,"featured_media":0,"parent":0,"menu_order":0,"comment_status":"closed","ping_status":"closed","template":"elementor_header_footer","meta":{"footnotes":""},"class_list":["post-6042","page","type-page","status-publish","hentry"],"_links":{"self":[{"href":"https:\/\/olagosciniak.pl\/konferencja\/wp-json\/wp\/v2\/pages\/6042","targetHints":{"allow":["GET"]}}],"collection":[{"href":"https:\/\/olagosciniak.pl\/konferencja\/wp-json\/wp\/v2\/pages"}],"about":[{"href":"https:\/\/olagosciniak.pl\/konferencja\/wp-json\/wp\/v2\/types\/page"}],"author":[{"embeddable":true,"href":"https:\/\/olagosciniak.pl\/konferencja\/wp-json\/wp\/v2\/users\/1"}],"replies":[{"embeddable":true,"href":"https:\/\/olagosciniak.pl\/konferencja\/wp-json\/wp\/v2\/comments?post=6042"}],"version-history":[{"count":15,"href":"https:\/\/olagosciniak.pl\/konferencja\/wp-json\/wp\/v2\/pages\/6042\/revisions"}],"predecessor-version":[{"id":6057,"href":"https:\/\/olagosciniak.pl\/konferencja\/wp-json\/wp\/v2\/pages\/6042\/revisions\/6057"}],"wp:attachment":[{"href":"https:\/\/olagosciniak.pl\/konferencja\/wp-json\/wp\/v2\/media?parent=6042"}],"curies":[{"name":"wp","href":"https:\/\/api.w.org\/{rel}","templated":true}]}}