{"id":5154,"date":"2022-08-03T07:03:11","date_gmt":"2022-08-03T05:03:11","guid":{"rendered":"https:\/\/olagosciniak.pl\/konferencja\/?page_id=5154"},"modified":"2022-09-25T09:46:17","modified_gmt":"2022-09-25T07:46:17","slug":"konferencja-dzien-3","status":"publish","type":"page","link":"https:\/\/olagosciniak.pl\/konferencja\/konferencja-dzien-3\/","title":{"rendered":"Konferencja &#8211; Dzie\u0144 3"},"content":{"rendered":"\t\t<div data-elementor-type=\"wp-page\" data-elementor-id=\"5154\" class=\"elementor elementor-5154\">\n\t\t\t\t\t\t<section class=\"elementor-section elementor-top-section elementor-element elementor-element-40b0e8f elementor-section-boxed elementor-section-height-default elementor-section-height-default\" data-id=\"40b0e8f\" data-element_type=\"section\">\n\t\t\t\t\t\t<div class=\"elementor-container elementor-column-gap-default\">\n\t\t\t\t\t<div class=\"elementor-column elementor-col-100 elementor-top-column elementor-element elementor-element-6cf9bfc\" data-id=\"6cf9bfc\" data-element_type=\"column\">\n\t\t\t<div class=\"elementor-widget-wrap elementor-element-populated\">\n\t\t\t\t\t\t<div class=\"elementor-element elementor-element-8c80394 elementor-align-center elementor-widget elementor-widget-heading\" data-id=\"8c80394\" data-element_type=\"widget\" data-widget_type=\"heading.default\">\n\t\t\t\t<div class=\"elementor-widget-container\">\n\t\t\t\t\t<div class=\"elementor-heading-title elementor-size-default\">KONFERENCJA ONLINE<\/div>\t\t\t\t<\/div>\n\t\t\t\t<\/div>\n\t\t\t\t<div class=\"elementor-element elementor-element-cdd8825 elementor-align-center elementor-mobile-align-left elementor-widget elementor-widget-heading\" data-id=\"cdd8825\" data-element_type=\"widget\" data-widget_type=\"heading.default\">\n\t\t\t\t<div class=\"elementor-widget-container\">\n\t\t\t\t\t<h2 class=\"elementor-heading-title elementor-size-default\">Pierwszy <\/h2><span class=\"sub-title\">Produkt Online<\/span>\t\t\t\t<\/div>\n\t\t\t\t<\/div>\n\t\t\t\t<div class=\"elementor-element elementor-element-9eec621 elementor-align-center elementor-widget elementor-widget-heading\" data-id=\"9eec621\" data-element_type=\"widget\" data-widget_type=\"heading.default\">\n\t\t\t\t<div class=\"elementor-widget-container\">\n\t\t\t\t\t<div class=\"elementor-heading-title elementor-size-default\">Dzie\u0144 3 - PROMOCJA - 29 wrze\u015bnia<\/div>\t\t\t\t<\/div>\n\t\t\t\t<\/div>\n\t\t\t\t\t<\/div>\n\t\t<\/div>\n\t\t\t\t\t<\/div>\n\t\t<\/section>\n\t\t\t\t<section class=\"elementor-section elementor-top-section elementor-element elementor-element-2f08ee3 elementor-section-boxed elementor-section-height-default elementor-section-height-default\" data-id=\"2f08ee3\" data-element_type=\"section\">\n\t\t\t\t\t\t<div class=\"elementor-container elementor-column-gap-default\">\n\t\t\t\t\t<div class=\"elementor-column elementor-col-66 elementor-top-column elementor-element elementor-element-de7bc1e\" data-id=\"de7bc1e\" data-element_type=\"column\">\n\t\t\t<div class=\"elementor-widget-wrap elementor-element-populated\">\n\t\t\t\t\t\t<div class=\"elementor-element elementor-element-423b2c2 elementor-widget elementor-widget-video\" data-id=\"423b2c2\" data-element_type=\"widget\" data-settings=\"{&quot;youtube_url&quot;:&quot;https:\\\/\\\/www.youtube.com\\\/watch?v=lmtnQ_X6ZM0&quot;,&quot;video_type&quot;:&quot;youtube&quot;,&quot;controls&quot;:&quot;yes&quot;}\" data-widget_type=\"video.default\">\n\t\t\t\t<div class=\"elementor-widget-container\">\n\t\t\t\t\t\t\t<div class=\"elementor-wrapper elementor-open-inline\">\n\t\t\t<div class=\"elementor-video\"><\/div>\t\t<\/div>\n\t\t\t\t\t\t<\/div>\n\t\t\t\t<\/div>\n\t\t\t\t\t<\/div>\n\t\t<\/div>\n\t\t\t\t<div class=\"elementor-column elementor-col-33 elementor-top-column elementor-element elementor-element-920f5ac\" data-id=\"920f5ac\" data-element_type=\"column\">\n\t\t\t<div class=\"elementor-widget-wrap elementor-element-populated\">\n\t\t\t\t\t\t<div class=\"elementor-element elementor-element-21d59b0 elementor-widget elementor-widget-text-editor\" data-id=\"21d59b0\" data-element_type=\"widget\" data-widget_type=\"text-editor.default\">\n\t\t\t\t<div class=\"elementor-widget-container\">\n\t\t\t\t\t        <div class=\"elementor-text-editor elementor-clearfix\"><div id=\"chat-embed-wrapper\" style=\"width: 100%; height: 415px; min-width: 300px; min-height: 415px;\"><\/div>\n<script>  \n let frame = document.createElement(\"iframe\");  \n frame.referrerPolicy = \"origin\";  \n frame.src = \"https:\/\/www.youtube.com\/live_chat?v=lmtnQ_X6ZM0&embed_domain=\" + window.location.hostname;  \n frame.frameBorder = \"0\";  \nframe.height = \"415\";\nframe.width= \"395\";\n frame.id = \"chat-embed\";  \n let wrapper = document.getElementById(\"chat-embed-wrapper\");  \n wrapper.appendChild(frame); \n<\/script><\/div>\n        \t\t\t\t<\/div>\n\t\t\t\t<\/div>\n\t\t\t\t\t<\/div>\n\t\t<\/div>\n\t\t\t\t\t<\/div>\n\t\t<\/section>\n\t\t\t\t<section class=\"elementor-section elementor-top-section elementor-element elementor-element-8169607 elementor-section-boxed elementor-section-height-default elementor-section-height-default\" data-id=\"8169607\" data-element_type=\"section\">\n\t\t\t\t\t\t<div class=\"elementor-container elementor-column-gap-default\">\n\t\t\t\t\t<div class=\"elementor-column elementor-col-100 elementor-top-column elementor-element elementor-element-34ff552\" data-id=\"34ff552\" data-element_type=\"column\">\n\t\t\t<div class=\"elementor-widget-wrap elementor-element-populated\">\n\t\t\t\t\t\t<div class=\"elementor-element elementor-element-23ec7e6 elementor-flip-box--effect-slide elementor-flip-box--direction-up elementor-button-primary_gradient elementor-widget elementor-widget-opal-flip-box\" data-id=\"23ec7e6\" data-element_type=\"widget\" data-widget_type=\"opal-flip-box.default\">\n\t\t\t\t<div class=\"elementor-widget-container\">\n\t\t\t\t\t\t\t<div class=\"elementor-flip-box\">\n\t\t\t<div class=\"elementor-flip-box__layer elementor-flip-box__front\">\n\t\t\t\t<div class=\"elementor-flip-box__layer__overlay\">\n\t\t\t\t\t<div class=\"elementor-flip-box__layer__inner\">\n\t\t\t\t\t\t\n                                                    <span class=\"elementor-flip-box__layer__sub_title\">\n                                JU\u017b O GODZINIE 12:00!                            <\/span>\n                        \n\t\t\t\t\t\t\t\t\t\t\t\t\t<h3 class=\"elementor-flip-box__layer__title\">\n\t\t\t\t\t\t\t\tRUSZAJ\u0104 ZAPISY!\t\t\t\t\t\t\t<\/h3>\n                        \n\t\t\t\t\t\t\t\t\t\t\t\t\t<div class=\"elementor-flip-box__layer__description\">\n\t\t\t\t\t\t\t\t<strong>KURS ONLINE SPRZEDAM - Wyklikaj platorm\u0119 sprzeda\u017cow\u0105!<\/strong><br\/>Odbierz ju\u017c teraz sw\u00f3j kod zni\u017ckowy na 50 z\u0142!<br\/>\u25b2\t\t\t\t\t\t\t<\/div>\n\t\t\t\t\t\t\t\t\t\t\t<\/div>\n\t\t\t\t<\/div>\n\t\t\t<\/div>\n\t\t\t<div class=\"elementor-flip-box__layer elementor-flip-box__back\">\n\t\t\t\t<div class=\"elementor-flip-box__layer__overlay\">\n\t\t\t\t\t<div class=\"elementor-flip-box__layer__inner\">\n\n                                                                            <span class=\"elementor-flip-box__layer__sub_title\">\n                                \u25bc<br\/>Tw\u00f3j kod zni\u017ckowy to                            <\/span>\n                        \n\t\t\t\t\t\t\t\t\t\t\t\t\t<h3 class=\"elementor-flip-box__layer__title\">\n\t\t\t\t\t\t\t\tppo\t\t\t\t\t\t\t<\/h3>\n                        \n\t\t\t\t\t\t\n\t\t\t\t\t\t\t\t\t\t\t\t\t<a class=\"elementor-flip-box__button elementor-button elementor-size-xl\" href=\"https:\/\/olagosciniak.pl\/sklep\/sprzedam\/\">\n\t\t\t\t\t\t\t\tChc\u0119 ten kurs!\t\t\t\t\t\t\t<\/a>\n\t\t\t\t\t\t\t\t\t\t\t<\/div>\n\t\t\t\t<\/div>\n\t\t\t<\/div>\n\t\t<\/div>\n\t\t\t\t\t\t<\/div>\n\t\t\t\t<\/div>\n\t\t\t\t\t<\/div>\n\t\t<\/div>\n\t\t\t\t\t<\/div>\n\t\t<\/section>\n\t\t\t\t<div class=\"elementor-section elementor-top-section elementor-element elementor-element-177e782 elementor-section-stretched elementor-section-boxed elementor-section-height-default elementor-section-height-default\" data-id=\"177e782\" data-element_type=\"section\" data-settings=\"{&quot;stretch_section&quot;:&quot;section-stretched&quot;}\">\n\t\t\t\t\t\t<div class=\"elementor-container elementor-column-gap-no\">\n\t\t\t\t\t<div class=\"elementor-column elementor-col-100 elementor-top-column elementor-element elementor-element-bf32ac2\" data-id=\"bf32ac2\" data-element_type=\"column\">\n\t\t\t<div class=\"elementor-widget-wrap elementor-element-populated\">\n\t\t\t\t\t\t<div class=\"elementor-element elementor-element-50bdedf elementor-align-center elementor-mobile-align-left elementor-widget elementor-widget-heading\" data-id=\"50bdedf\" data-element_type=\"widget\" data-widget_type=\"heading.default\">\n\t\t\t\t<div class=\"elementor-widget-container\">\n\t\t\t\t\t<h2 class=\"elementor-heading-title elementor-size-default\">G\u0142\u00f3wny<\/h2><span class=\"sub-title\">Partner<\/span>\t\t\t\t<\/div>\n\t\t\t\t<\/div>\n\t\t\t\t<div class=\"elementor-element elementor-element-fc03cc9 elementor-widget elementor-widget-opal-brand\" data-id=\"fc03cc9\" data-element_type=\"widget\" data-widget_type=\"opal-brand.default\">\n\t\t\t\t<div class=\"elementor-widget-container\">\n\t\t\t\t\t        <div class=\"elementor-brands\">\n            <div class=\"elementor-brand-wrapper\">\n                <div class=\"row\" data-elementor-columns=\"5\" data-elementor-columns-tablet=\"2\" data-elementor-columns-mobile=\"1\">\n                                            <div class=\"elementor-brand-item column-item\">\n                            <div class=\"elementor-brand-image\">\n                                <a href=\"https:\/\/olagosciniak.pl\/sklep\/sprzedam\/\"  title=\"Wyklikaj sklep online\"><img fetchpriority=\"high\" decoding=\"async\" width=\"895\" height=\"1021\" src=\"https:\/\/olagosciniak.pl\/konferencja\/wp-content\/uploads\/2022\/07\/SPRZEDAM-KURS-ONLINE-ola-gosciniak-jestem-interaktywna.png\" class=\"attachment-full size-full wp-image-4830\" alt=\"\" srcset=\"https:\/\/olagosciniak.pl\/konferencja\/wp-content\/uploads\/2022\/07\/SPRZEDAM-KURS-ONLINE-ola-gosciniak-jestem-interaktywna.png 895w, https:\/\/olagosciniak.pl\/konferencja\/wp-content\/uploads\/2022\/07\/SPRZEDAM-KURS-ONLINE-ola-gosciniak-jestem-interaktywna-600x684.png 600w, https:\/\/olagosciniak.pl\/konferencja\/wp-content\/uploads\/2022\/07\/SPRZEDAM-KURS-ONLINE-ola-gosciniak-jestem-interaktywna-263x300.png 263w, https:\/\/olagosciniak.pl\/konferencja\/wp-content\/uploads\/2022\/07\/SPRZEDAM-KURS-ONLINE-ola-gosciniak-jestem-interaktywna-768x876.png 768w, https:\/\/olagosciniak.pl\/konferencja\/wp-content\/uploads\/2022\/07\/SPRZEDAM-KURS-ONLINE-ola-gosciniak-jestem-interaktywna-400x456.png 400w, https:\/\/olagosciniak.pl\/konferencja\/wp-content\/uploads\/2022\/07\/SPRZEDAM-KURS-ONLINE-ola-gosciniak-jestem-interaktywna-270x308.png 270w\" sizes=\"(max-width: 895px) 100vw, 895px\" \/><\/a>                            <\/div>\n                        <\/div>\n                                    <\/div>\n            <\/div>\n        <\/div>\n        \t\t\t\t<\/div>\n\t\t\t\t<\/div>\n\t\t\t\t\t<\/div>\n\t\t<\/div>\n\t\t\t\t\t<\/div>\n\t\t<\/div>\n\t\t\t\t<section class=\"elementor-section elementor-top-section elementor-element elementor-element-36b2a23 elementor-section-boxed elementor-section-height-default elementor-section-height-default\" data-id=\"36b2a23\" data-element_type=\"section\">\n\t\t\t\t\t\t<div class=\"elementor-container elementor-column-gap-default\">\n\t\t\t\t\t<div class=\"elementor-column elementor-col-100 elementor-top-column elementor-element elementor-element-55be199\" data-id=\"55be199\" data-element_type=\"column\">\n\t\t\t<div class=\"elementor-widget-wrap elementor-element-populated\">\n\t\t\t\t\t\t<div class=\"elementor-element elementor-element-d8a868a elementor-align-center elementor-button-primary_gradient elementor-widget elementor-widget-button\" data-id=\"d8a868a\" data-element_type=\"widget\" data-widget_type=\"button.default\">\n\t\t\t\t<div class=\"elementor-widget-container\">\n\t\t\t\t\t        <div class=\"elementor-button-wrapper\">\n            <a href=\"https:\/\/olagosciniak.pl\/konferencja\/teczka\/\" class=\"elementor-button-link elementor-button elementor-size-md elementor-animation-pulse\" role=\"button\">\n                        <span class=\"elementor-button-content-wrapper\">\n\t\t\t                <span class=\"elementor-button-icon elementor-align-icon-right\">\n\t\t\t\t<i class=\"fa fa-archive\" aria-hidden=\"true\"><\/i>\n\t\t\t<\/span>\n                        <span class=\"elementor-button-text\">Teczka konferencyjna<\/span>\n\t\t<\/span>\n\n\n                <\/a>\n        <\/div>\n        \t\t\t\t<\/div>\n\t\t\t\t<\/div>\n\t\t\t\t\t<\/div>\n\t\t<\/div>\n\t\t\t\t\t<\/div>\n\t\t<\/section>\n\t\t\t\t<section class=\"elementor-section elementor-top-section elementor-element elementor-element-6a60af4 elementor-section-boxed elementor-section-height-default elementor-section-height-default\" data-id=\"6a60af4\" data-element_type=\"section\">\n\t\t\t\t\t\t<div class=\"elementor-container elementor-column-gap-default\">\n\t\t\t\t\t<div class=\"elementor-column elementor-col-100 elementor-top-column elementor-element elementor-element-e4f54ff\" data-id=\"e4f54ff\" data-element_type=\"column\">\n\t\t\t<div class=\"elementor-widget-wrap elementor-element-populated\">\n\t\t\t\t\t\t<div class=\"elementor-element elementor-element-105b428 elementor-align-center elementor-widget elementor-widget-heading\" data-id=\"105b428\" data-element_type=\"widget\" data-widget_type=\"heading.default\">\n\t\t\t\t<div class=\"elementor-widget-container\">\n\t\t\t\t\t<div class=\"elementor-heading-title elementor-size-default\">Has\u0142o: PPO<\/div>\t\t\t\t<\/div>\n\t\t\t\t<\/div>\n\t\t\t\t\t<\/div>\n\t\t<\/div>\n\t\t\t\t\t<\/div>\n\t\t<\/section>\n\t\t\t\t<\/div>\n\t\t","protected":false},"excerpt":{"rendered":"<p>KONFERENCJA ONLINE Pierwszy Produkt Online Dzie\u0144 3 &#8211; PROMOCJA &#8211; 29 wrze\u015bnia JU\u017b O GODZINIE 12:00! RUSZAJ\u0104 ZAPISY! KURS ONLINE SPRZEDAM &#8211; Wyklikaj platorm\u0119 sprzeda\u017cow\u0105! Odbierz ju\u017c teraz sw\u00f3j kod zni\u017ckowy na 50 z\u0142! \u25b2 \u25bc Tw\u00f3j kod zni\u017ckowy to ppo Chc\u0119 ten kurs! G\u0142\u00f3wny Partner Teczka konferencyjna Has\u0142o: PPO<\/p>\n","protected":false},"author":1,"featured_media":0,"parent":0,"menu_order":0,"comment_status":"closed","ping_status":"closed","template":"elementor_header_footer","meta":{"footnotes":""},"class_list":["post-5154","page","type-page","status-publish","hentry"],"_links":{"self":[{"href":"https:\/\/olagosciniak.pl\/konferencja\/wp-json\/wp\/v2\/pages\/5154","targetHints":{"allow":["GET"]}}],"collection":[{"href":"https:\/\/olagosciniak.pl\/konferencja\/wp-json\/wp\/v2\/pages"}],"about":[{"href":"https:\/\/olagosciniak.pl\/konferencja\/wp-json\/wp\/v2\/types\/page"}],"author":[{"embeddable":true,"href":"https:\/\/olagosciniak.pl\/konferencja\/wp-json\/wp\/v2\/users\/1"}],"replies":[{"embeddable":true,"href":"https:\/\/olagosciniak.pl\/konferencja\/wp-json\/wp\/v2\/comments?post=5154"}],"version-history":[{"count":24,"href":"https:\/\/olagosciniak.pl\/konferencja\/wp-json\/wp\/v2\/pages\/5154\/revisions"}],"predecessor-version":[{"id":5944,"href":"https:\/\/olagosciniak.pl\/konferencja\/wp-json\/wp\/v2\/pages\/5154\/revisions\/5944"}],"wp:attachment":[{"href":"https:\/\/olagosciniak.pl\/konferencja\/wp-json\/wp\/v2\/media?parent=5154"}],"curies":[{"name":"wp","href":"https:\/\/api.w.org\/{rel}","templated":true}]}}